{"id":342,"date":"2014-03-28T15:08:48","date_gmt":"2014-03-28T13:08:48","guid":{"rendered":"http:\/\/sv-webdev2.guehring.de\/wp_laender2\/?page_id=342"},"modified":"2019-12-09T10:47:14","modified_gmt":"2019-12-09T09:47:14","slug":"industries-branchen","status":"publish","type":"page","link":"https:\/\/www.guehring.ro\/?page_id=342","title":{"rendered":"Industries &#8211; Branchen"},"content":{"rendered":"<p>[et_pb_section fb_built=&#8221;1&#8243; admin_label=&#8221;section&#8221; _builder_version=&#8221;3.22&#8243; background_color=&#8221;#ffffff&#8221; background_image=&#8221;\/wp-content\/uploads\/2014\/03\/HG_branchen.jpg&#8221; parallax=&#8221;on&#8221; parallax_method=&#8221;off&#8221; transparent_background=&#8221;off&#8221;][et_pb_row admin_label=&#8221;row&#8221; _builder_version=&#8221;3.25&#8243; background_size=&#8221;initial&#8221; background_position=&#8221;top_left&#8221; background_repeat=&#8221;repeat&#8221;][et_pb_column type=&#8221;4_4&#8243; _builder_version=&#8221;3.25&#8243; custom_padding=&#8221;|||&#8221; custom_padding__hover=&#8221;|||&#8221;][et_pb_text admin_label=&#8221;Pooled industry knowledge&#8221; _builder_version=&#8221;3.27.4&#8243; background_size=&#8221;initial&#8221; background_position=&#8221;top_left&#8221; background_repeat=&#8221;repeat&#8221; use_border_color=&#8221;off&#8221; border_color=&#8221;#ffffff&#8221; border_style=&#8221;solid&#8221;]<a href=\"\/wp-content\/uploads\/2014\/03\/Branchen_Industrii.png\"><img loading=\"lazy\" decoding=\"async\" class=\"alignnone wp-image-2894 size-full\" src=\"\/wp-content\/uploads\/2014\/03\/Branchen_Industrii.png\" alt=\"\" width=\"954\" height=\"267\" srcset=\"https:\/\/www.guehring.ro\/wp-content\/uploads\/2014\/03\/Branchen_Industrii.png 954w, https:\/\/www.guehring.ro\/wp-content\/uploads\/2014\/03\/Branchen_Industrii-300x84.png 300w, https:\/\/www.guehring.ro\/wp-content\/uploads\/2014\/03\/Branchen_Industrii-768x215.png 768w\" sizes=\"(max-width: 954px) 100vw, 954px\" \/><\/a><\/p>\n<div><\/div>\n<p>[\/et_pb_text][et_pb_divider show_divider=&#8221;off&#8221; disabled_on=&#8221;on|on|off&#8221; _builder_version=&#8221;3.23.4&#8243; height=&#8221;230px&#8221;]&nbsp;<br \/>\n[\/et_pb_divider][et_pb_text _builder_version=&#8221;3.27.4&#8243; background_size=&#8221;initial&#8221; background_position=&#8221;top_left&#8221; background_repeat=&#8221;repeat&#8221; use_border_color=&#8221;off&#8221; border_color=&#8221;#ffffff&#8221; border_style=&#8221;solid&#8221;]<\/p>\n<div>\n<div>\n<h1>Cuno\u015ftin\u0163e cumulate despre industrie<\/h1>\n<div>\n<div>\n<h2>Solu\u0163ii bine dezvoltate a sculelor pentru o evolu\u0163ie rapida a ramurilor industriei.<\/h2>\n<h2>G\u00fchring a creat departamente cheie pentru sectorul auto si aeronautic.<\/h2>\n<h2>Sf\u0103tuim clien\u0163ii no\u015ftri prin cuno\u015ftin\u0163ele din acest sector la un nivel foarte ridicat.<\/h2>\n<\/div>\n<\/div>\n<\/div>\n<\/div>\n<p>[\/et_pb_text][\/et_pb_column][\/et_pb_row][\/et_pb_section][et_pb_section fb_built=&#8221;1&#8243; admin_label=&#8221;section&#8221; _builder_version=&#8221;3.22&#8243; background_color=&#8221;#ffffff&#8221; background_image=&#8221;\/wp-content\/uploads\/2014\/03\/hg_flieger.jpg&#8221; parallax=&#8221;on&#8221; parallax_method=&#8221;off&#8221; transparent_background=&#8221;off&#8221;][et_pb_row padding_mobile=&#8221;off&#8221; column_padding_mobile=&#8221;on&#8221; admin_label=&#8221;row&#8221; module_id=&#8221;aircraft&#8221; _builder_version=&#8221;3.25&#8243; background_size=&#8221;initial&#8221; background_position=&#8221;top_left&#8221; background_repeat=&#8221;repeat&#8221; make_fullwidth=&#8221;off&#8221; use_custom_width=&#8221;off&#8221; width_unit=&#8221;on&#8221;][et_pb_column type=&#8221;4_4&#8243; _builder_version=&#8221;3.25&#8243; custom_padding=&#8221;|||&#8221; custom_padding__hover=&#8221;|||&#8221;][et_pb_text admin_label=&#8221;Aircraft&#8221; _builder_version=&#8221;3.27.4&#8243; background_size=&#8221;initial&#8221; background_position=&#8221;top_left&#8221; background_repeat=&#8221;repeat&#8221; use_border_color=&#8221;off&#8221; border_color=&#8221;#ffffff&#8221; border_style=&#8221;solid&#8221;]<a name=\"aircraft\"><\/a><\/p>\n<p>&nbsp;<\/p>\n<h1>Sectorul aeronautic<\/h1>\n<p>[\/et_pb_text][\/et_pb_column][\/et_pb_row][et_pb_row admin_label=&#8221;row&#8221; _builder_version=&#8221;3.25&#8243; background_size=&#8221;initial&#8221; background_position=&#8221;top_left&#8221; background_repeat=&#8221;repeat&#8221; column_structure=&#8221;1_4,3_4&#8243;][et_pb_column type=&#8221;1_4&#8243; _builder_version=&#8221;3.25&#8243; custom_padding=&#8221;|||&#8221; custom_padding__hover=&#8221;|||&#8221;][\/et_pb_column][et_pb_column type=&#8221;3_4&#8243; _builder_version=&#8221;3.25&#8243; custom_padding=&#8221;|||&#8221; hover_enabled=&#8221;0&#8243; custom_padding__hover=&#8221;|||&#8221;][et_pb_text admin_label=&#8221;High-tech&#8221; _builder_version=&#8221;4.0.7&#8243; background_size=&#8221;initial&#8221; background_position=&#8221;top_left&#8221; background_repeat=&#8221;repeat&#8221; hover_enabled=&#8221;0&#8243; use_border_color=&#8221;off&#8221;]<\/p>\n<h2>Tehnologie pentru decolare<\/h2>\n<p><span style=\"color: black;\"><span style=\"color: black;\">Specializat conform cerin\u0163elor extrem de ridicate ale industriei aeronautice: echipa noastr\u0103 din departamentul cheie Aircraft, se concentreaz\u0103 pe cunoa\u015fterea cuprinz\u0103toare a procesului de prelucrare sigura a materialelor high-tech, cum ar fi compozitul, titan, aliaje de aluminiu sau super-aliaje precum Inconel \u00a0\u015fi Waspalloy.<\/span><\/span><\/p>\n<p><a href=\"https:\/\/guehring.com\/wp-content\/uploads\/2018\/dokumente\/EN\/milling-cutters\/RF-100-Ti_Aircraft_2015_en.pdf\" target=\"_blank\" rel=\"noopener noreferrer\"><img loading=\"lazy\" decoding=\"async\" class=\"alignnone wp-image-1879 size-full\" src=\"https:\/\/www.guehring.ro\/wp-content\/uploads\/2014\/02\/pdf_grau.png\" alt=\"Aircraft\" width=\"90\" height=\"90\" \/><\/a><\/p>\n<p>[\/et_pb_text][\/et_pb_column][\/et_pb_row][et_pb_row admin_label=&#8221;row&#8221; _builder_version=&#8221;3.25&#8243; background_size=&#8221;initial&#8221; background_position=&#8221;top_left&#8221; background_repeat=&#8221;repeat&#8221;][et_pb_column type=&#8221;4_4&#8243; _builder_version=&#8221;3.25&#8243; custom_padding=&#8221;|||&#8221; custom_padding__hover=&#8221;|||&#8221;][et_pb_image src=&#8221;\/wp-content\/uploads\/2014\/03\/flieger.png&#8221; align_tablet=&#8221;center&#8221; align_last_edited=&#8221;on|desktop&#8221; admin_label=&#8221;Flieger&#8221; _builder_version=&#8221;3.23&#8243; animation_style=&#8221;slide&#8221; animation_direction=&#8221;left&#8221; animation_duration=&#8221;500ms&#8221; animation_intensity_slide=&#8221;10%&#8221; use_border_color=&#8221;off&#8221; border_color=&#8221;#ffffff&#8221; border_style=&#8221;solid&#8221; animation=&#8221;left&#8221; sticky=&#8221;off&#8221; always_center_on_mobile=&#8221;on&#8221;]&nbsp;<br \/>\n[\/et_pb_image][\/et_pb_column][\/et_pb_row][\/et_pb_section][et_pb_section fb_built=&#8221;1&#8243; admin_label=&#8221;section&#8221; _builder_version=&#8221;3.22&#8243; background_color=&#8221;#ffffff&#8221; background_image=&#8221;\/wp-content\/uploads\/2014\/03\/hg_automotive.jpg&#8221; parallax=&#8221;on&#8221; parallax_method=&#8221;off&#8221; transparent_background=&#8221;off&#8221;][et_pb_row padding_mobile=&#8221;off&#8221; column_padding_mobile=&#8221;on&#8221; admin_label=&#8221;row&#8221; module_id=&#8221;automotive&#8221; _builder_version=&#8221;3.25&#8243; background_size=&#8221;initial&#8221; background_position=&#8221;top_left&#8221; background_repeat=&#8221;repeat&#8221; make_fullwidth=&#8221;off&#8221; use_custom_width=&#8221;off&#8221; width_unit=&#8221;on&#8221;][et_pb_column type=&#8221;4_4&#8243; _builder_version=&#8221;3.25&#8243; custom_padding=&#8221;|||&#8221; custom_padding__hover=&#8221;|||&#8221;][et_pb_text admin_label=&#8221;Automotive&#8221; _builder_version=&#8221;3.27.4&#8243; background_size=&#8221;initial&#8221; background_position=&#8221;top_left&#8221; background_repeat=&#8221;repeat&#8221; use_border_color=&#8221;off&#8221; border_color=&#8221;#ffffff&#8221; border_style=&#8221;solid&#8221;]<a name=\"automotive\"><\/a><\/p>\n<p>&nbsp;<\/p>\n<h1>Sectorul automobile<\/h1>\n<div class=\"sectionContainer\">\n<div class=\"infoBox\">\n<div class=\"htmlText \">\n<h2>Dezvoltare continua<\/h2>\n<\/div>\n<\/div>\n<\/div>\n<h3>In str\u00e2ns\u0103 cooperare cu produc\u0103tori renumi\u0163i de automobile, vehicule comerciale si speciale, furnizorul G\u0103hring\u00a0 dezvolta solu\u0163ii optime pentru eficientizarea proceselor de fabrica\u0163ie si a produselor.<\/h3>\n<p>[\/et_pb_text][\/et_pb_column][\/et_pb_row][et_pb_row admin_label=&#8221;row&#8221; _builder_version=&#8221;3.25&#8243; background_size=&#8221;initial&#8221; background_position=&#8221;top_left&#8221; background_repeat=&#8221;repeat&#8221; column_structure=&#8221;1_2,1_2&#8243;][et_pb_column type=&#8221;1_2&#8243; _builder_version=&#8221;3.25&#8243; custom_padding=&#8221;|||&#8221; custom_padding__hover=&#8221;|||&#8221;][et_pb_text _builder_version=&#8221;4.0.7&#8243; hover_enabled=&#8221;0&#8243;]<\/p>\n<p><a href=\"https:\/\/guehring.com\/wp-content\/uploads\/2018\/dokumente\/EN\/industries\/GUE_Bearbeitung_von_modernen_Verbundwerkstoffen_2016_EN_LowRes_101117.pdf\" target=\"_blank\" rel=\"noopener noreferrer\"><img loading=\"lazy\" decoding=\"async\" class=\"alignnone wp-image-1879 size-full\" src=\"https:\/\/www.guehring.ro\/wp-content\/uploads\/2014\/02\/pdf_grau.png\" alt=\"Automotive\" width=\"90\" height=\"90\" \/><\/a><\/p>\n<p>[\/et_pb_text][\/et_pb_column][et_pb_column type=&#8221;1_2&#8243; _builder_version=&#8221;3.25&#8243; custom_padding=&#8221;|||&#8221; custom_padding__hover=&#8221;|||&#8221;][\/et_pb_column][\/et_pb_row][\/et_pb_section][et_pb_section fb_built=&#8221;1&#8243; admin_label=&#8221;section&#8221; _builder_version=&#8221;3.22&#8243; background_color=&#8221;#ffffff&#8221; background_image=&#8221;\/wp-content\/uploads\/2014\/03\/hg_automotive2.jpg&#8221; transparent_background=&#8221;off&#8221;][et_pb_row padding_mobile=&#8221;off&#8221; column_padding_mobile=&#8221;on&#8221; admin_label=&#8221;row&#8221; module_id=&#8221;generalengineering&#8221; _builder_version=&#8221;3.25&#8243; background_size=&#8221;initial&#8221; background_position=&#8221;top_left&#8221; background_repeat=&#8221;repeat&#8221; make_fullwidth=&#8221;off&#8221; use_custom_width=&#8221;off&#8221; width_unit=&#8221;on&#8221; column_structure=&#8221;1_2,1_2&#8243;][et_pb_column type=&#8221;1_2&#8243; _builder_version=&#8221;3.25&#8243; custom_padding=&#8221;|||&#8221; custom_padding__hover=&#8221;|||&#8221;][et_pb_text admin_label=&#8221;Maschinenbau&#8221; _builder_version=&#8221;4.0.7&#8243; background_size=&#8221;initial&#8221; background_position=&#8221;top_left&#8221; background_repeat=&#8221;repeat&#8221; hover_enabled=&#8221;0&#8243; use_border_color=&#8221;off&#8221;]<\/p>\n<p><a name=\"generalengineering\"><\/a><\/p>\n<p>&nbsp;<\/p>\n<h1>Inginerie general\u0103<\/h1>\n<div>\n<div>\n<h2>Totul de la o singur\u0103 surs\u0103<\/h2>\n<h3><\/h3>\n<h4>\u00a0<a href=\"https:\/\/guehring.com\/wp-content\/uploads\/2018\/dokumente\/EN\/services\/Retooling_2017_EN_Low.pdf\" target=\"_blank\" rel=\"noopener noreferrer\"><img loading=\"lazy\" decoding=\"async\" class=\"alignnone wp-image-1879 size-full\" src=\"\/wp-content\/uploads\/2014\/02\/pdf_grau.png\" alt=\"\" width=\"90\" height=\"90\" \/><\/a><\/h4>\n<\/div>\n<\/div>\n<p>[\/et_pb_text][\/et_pb_column][et_pb_column type=&#8221;1_2&#8243; _builder_version=&#8221;3.25&#8243; custom_padding=&#8221;|||&#8221; custom_padding__hover=&#8221;|||&#8221;][et_pb_text _builder_version=&#8221;3.27.4&#8243; background_size=&#8221;initial&#8221; background_position=&#8221;top_left&#8221; background_repeat=&#8221;repeat&#8221; use_border_color=&#8221;off&#8221; border_color=&#8221;#ffffff&#8221; border_style=&#8221;solid&#8221;]<\/p>\n<h4>G\u00fchring este un partener activ \u00een domeniul ingineriei generale. Bazat pe date 3-dimensionale ale piesei de prelucrat, a ma\u015finii \u015fi a planului de fabrica\u0163ie, departamentul OEM creeaz\u0103 procesul complet de prelucrare. Procesul va avea ca scop realizarea celei mai economice metode de fabricare a componentelor si de asemenea, s includ\u0103 studii si simul\u0103ri, implicare la pornirea produc\u0163iei, precum si \u00eembun\u0103t\u0103\u0163irea si optimizarea procesului.<\/h4>\n<p>[\/et_pb_text][\/et_pb_column][\/et_pb_row][et_pb_row admin_label=&#8221;row&#8221; _builder_version=&#8221;3.25&#8243; background_size=&#8221;initial&#8221; background_position=&#8221;top_left&#8221; background_repeat=&#8221;repeat&#8221;][et_pb_column type=&#8221;4_4&#8243; _builder_version=&#8221;3.25&#8243; custom_padding=&#8221;|||&#8221; custom_padding__hover=&#8221;|||&#8221;][et_pb_divider show_divider=&#8221;off&#8221; disabled_on=&#8221;on|on|off&#8221; _builder_version=&#8221;3.23.4&#8243; height=&#8221;300px&#8221;]&nbsp;<br \/>\n[\/et_pb_divider][\/et_pb_column][\/et_pb_row][\/et_pb_section][et_pb_section fb_built=&#8221;1&#8243; admin_label=&#8221;section&#8221; _builder_version=&#8221;3.22&#8243; background_color=&#8221;#ffffff&#8221; background_image=&#8221;\/wp-content\/uploads\/2014\/03\/hg_engeneer.jpg&#8221; transparent_background=&#8221;off&#8221;][et_pb_row padding_mobile=&#8221;off&#8221; column_padding_mobile=&#8221;on&#8221; admin_label=&#8221;row&#8221; module_id=&#8221;energytechnology&#8221; _builder_version=&#8221;3.25&#8243; background_size=&#8221;initial&#8221; background_position=&#8221;top_left&#8221; background_repeat=&#8221;repeat&#8221; make_fullwidth=&#8221;off&#8221; use_custom_width=&#8221;off&#8221; width_unit=&#8221;on&#8221;][et_pb_column type=&#8221;4_4&#8243; _builder_version=&#8221;3.25&#8243; custom_padding=&#8221;|||&#8221; custom_padding__hover=&#8221;|||&#8221;][et_pb_text admin_label=&#8221;Energy Technology&#8221; _builder_version=&#8221;4.0.7&#8243; background_size=&#8221;initial&#8221; background_position=&#8221;top_left&#8221; background_repeat=&#8221;repeat&#8221; hover_enabled=&#8221;0&#8243; use_border_color=&#8221;off&#8221;]<\/p>\n<p><a name=\"energytechnology\"><\/a><\/p>\n<p>&nbsp;<\/p>\n<h1>Tehnologia energetic\u0103<\/h1>\n<div>\n<div>\n<h2>Instrumente vizionare pentru a sprijini mediul<\/h2>\n<h3>Indiferent daca este vorba de turbinele eoliene, unit\u0103\u0163i sau turbine combinate de c\u0103ldur\u0103 si electricitate, G\u00fchring ofer\u0103 solu\u0163ii futuriste in domeniul sculelor pentru prelucrarea materialelor conven\u0163ionale si high-tech utilizate la fabricarea de echipamente energetice.<\/h3>\n<p><a href=\"https:\/\/guehring.com\/wp-content\/uploads\/2018\/dokumente\/EN\/reaming\/ExclusivLine_HR500_2016_09_en_lowres.pdf\" target=\"_blank\" rel=\"noopener noreferrer\"><img loading=\"lazy\" decoding=\"async\" class=\"alignnone wp-image-1861 size-full\" src=\"\/wp-content\/uploads\/2014\/02\/icon_pdf.png\" alt=\"Energy Technology\" width=\"80\" height=\"80\" \/><\/a><\/p>\n<\/div>\n<\/div>\n<p>[\/et_pb_text][\/et_pb_column][\/et_pb_row][\/et_pb_section]<\/p>\n","protected":false},"excerpt":{"rendered":"<p>&nbsp; Cuno\u015ftin\u0163e cumulate despre industrie Solu\u0163ii bine dezvoltate a sculelor pentru o evolu\u0163ie rapida a ramurilor industriei. G\u00fchring a creat departamente cheie pentru sectorul auto si aeronautic. Sf\u0103tuim clien\u0163ii no\u015ftri prin cuno\u015ftin\u0163ele din acest sector la un nivel foarte ridicat. &nbsp; Sectorul aeronautic Tehnologie pentru decolare Specializat conform cerin\u0163elor extrem de ridicate ale industriei aeronautice: [&hellip;]<\/p>\n","protected":false},"author":1,"featured_media":0,"parent":0,"menu_order":0,"comment_status":"open","ping_status":"open","template":"","meta":{"_et_pb_use_builder":"on","_et_pb_old_content":"","_et_gb_content_width":"","footnotes":""},"class_list":["post-342","page","type-page","status-publish","hentry"],"_links":{"self":[{"href":"https:\/\/www.guehring.ro\/index.php?rest_route=\/wp\/v2\/pages\/342","targetHints":{"allow":["GET"]}}],"collection":[{"href":"https:\/\/www.guehring.ro\/index.php?rest_route=\/wp\/v2\/pages"}],"about":[{"href":"https:\/\/www.guehring.ro\/index.php?rest_route=\/wp\/v2\/types\/page"}],"author":[{"embeddable":true,"href":"https:\/\/www.guehring.ro\/index.php?rest_route=\/wp\/v2\/users\/1"}],"replies":[{"embeddable":true,"href":"https:\/\/www.guehring.ro\/index.php?rest_route=%2Fwp%2Fv2%2Fcomments&post=342"}],"version-history":[{"count":59,"href":"https:\/\/www.guehring.ro\/index.php?rest_route=\/wp\/v2\/pages\/342\/revisions"}],"predecessor-version":[{"id":3251,"href":"https:\/\/www.guehring.ro\/index.php?rest_route=\/wp\/v2\/pages\/342\/revisions\/3251"}],"wp:attachment":[{"href":"https:\/\/www.guehring.ro\/index.php?rest_route=%2Fwp%2Fv2%2Fmedia&parent=342"}],"curies":[{"name":"wp","href":"https:\/\/api.w.org\/{rel}","templated":true}]}}